{"id":23,"date":"2016-01-29T12:50:43","date_gmt":"2016-01-29T10:50:43","guid":{"rendered":"http:\/\/www.hidrocom.md\/?page_id=23"},"modified":"2023-11-09T11:49:30","modified_gmt":"2023-11-09T09:49:30","slug":"multichem","status":"publish","type":"page","link":"https:\/\/www.hidrocom.md\/ro\/materiale\/multichem\/","title":{"rendered":"Cur\u0103\u0163irea pietrei. Hidrofobizan\u0163i"},"content":{"rendered":"<p>&nbsp;<\/p>\n<p><img decoding=\"async\" loading=\"lazy\" class=\"alignnone size-full wp-image-205\" src=\"http:\/\/www.hidrocom.md\/wp-content\/uploads\/2016\/01\/sofex.jpg\" alt=\"sofex\" width=\"1000\" height=\"928\" srcset=\"https:\/\/www.hidrocom.md\/wp-content\/uploads\/2016\/01\/sofex.jpg 1000w, https:\/\/www.hidrocom.md\/wp-content\/uploads\/2016\/01\/sofex-300x278.jpg 300w, https:\/\/www.hidrocom.md\/wp-content\/uploads\/2016\/01\/sofex-768x713.jpg 768w\" sizes=\"(max-width: 1000px) 100vw, 1000px\" \/><\/p>\n<p>&nbsp;<\/p>\n<div class=\"pt-cv-wrapper\"><div class=\"pt-cv-view pt-cv-grid pt-cv-colsys\" id=\"pt-cv-view-9ee797feb6\"><div data-id=\"pt-cv-page-1\" class=\"pt-cv-page\" data-cvc=\"2\"><div class=\"col-md-6 col-sm-6 col-xs-12 pt-cv-content-item pt-cv-1-col\" ><div class='pt-cv-ifield'><a href=\"https:\/\/www.hidrocom.md\/ro\/water\/\" class=\"_self pt-cv-href-thumbnail pt-cv-thumb-default\" target=\"_self\"><img width=\"300\" height=\"300\" src=\"https:\/\/www.hidrocom.md\/wp-content\/uploads\/2016\/02\/4701234537_w640_h640_4701234537-300x300.jpg\" class=\"pt-cv-thumbnail\" alt=\"\" decoding=\"async\" loading=\"lazy\" srcset=\"https:\/\/www.hidrocom.md\/wp-content\/uploads\/2016\/02\/4701234537_w640_h640_4701234537-300x300.jpg 300w, https:\/\/www.hidrocom.md\/wp-content\/uploads\/2016\/02\/4701234537_w640_h640_4701234537-1024x1024.jpg 1024w, https:\/\/www.hidrocom.md\/wp-content\/uploads\/2016\/02\/4701234537_w640_h640_4701234537-150x150.jpg 150w, https:\/\/www.hidrocom.md\/wp-content\/uploads\/2016\/02\/4701234537_w640_h640_4701234537-768x768.jpg 768w, https:\/\/www.hidrocom.md\/wp-content\/uploads\/2016\/02\/4701234537_w640_h640_4701234537.jpg 1280w\" sizes=\"(max-width: 300px) 100vw, 300px\" \/><\/a>\n<h4 class=\"pt-cv-title\"><a href=\"https:\/\/www.hidrocom.md\/ro\/water\/\" class=\"_self\" target=\"_self\">Water Proof PREMIUM<\/a><\/h4>\n<div class=\"pt-cv-content\">\u00a0\u00a0\u00a0\u00a0\u00a0 Hidrofobizant organosilicic.\u00a0 Utilizarea Water Proof PREMIUM asigur\u0103 protec\u021bie \u00eempotriva umidit\u0103\u021bii(ofer\u0103 propriet\u0103\u021bi hidrofobe): La tratarea suprafe\u021belor materialelor de construc\u021bie: piatr\u0103, ...<br \/><a href=\"https:\/\/www.hidrocom.md\/ro\/water\/\" class=\"_self pt-cv-readmore btn btn-success\" target=\"_self\">Mai mult ><\/a><\/div><\/div><\/div><\/div><\/div><\/div>\n","protected":false},"excerpt":{"rendered":"<p>&nbsp; &nbsp;<\/p>\n","protected":false},"author":1,"featured_media":0,"parent":6,"menu_order":0,"comment_status":"closed","ping_status":"closed","template":"","meta":[],"_links":{"self":[{"href":"https:\/\/www.hidrocom.md\/ro\/wp-json\/wp\/v2\/pages\/23"}],"collection":[{"href":"https:\/\/www.hidrocom.md\/ro\/wp-json\/wp\/v2\/pages"}],"about":[{"href":"https:\/\/www.hidrocom.md\/ro\/wp-json\/wp\/v2\/types\/page"}],"author":[{"embeddable":true,"href":"https:\/\/www.hidrocom.md\/ro\/wp-json\/wp\/v2\/users\/1"}],"replies":[{"embeddable":true,"href":"https:\/\/www.hidrocom.md\/ro\/wp-json\/wp\/v2\/comments?post=23"}],"version-history":[{"count":17,"href":"https:\/\/www.hidrocom.md\/ro\/wp-json\/wp\/v2\/pages\/23\/revisions"}],"predecessor-version":[{"id":2580,"href":"https:\/\/www.hidrocom.md\/ro\/wp-json\/wp\/v2\/pages\/23\/revisions\/2580"}],"up":[{"embeddable":true,"href":"https:\/\/www.hidrocom.md\/ro\/wp-json\/wp\/v2\/pages\/6"}],"wp:attachment":[{"href":"https:\/\/www.hidrocom.md\/ro\/wp-json\/wp\/v2\/media?parent=23"}],"curies":[{"name":"wp","href":"https:\/\/api.w.org\/{rel}","templated":true}]}}