{"id":4,"date":"2016-01-28T17:22:17","date_gmt":"2016-01-28T14:22:17","guid":{"rendered":"http:\/\/www.hidrocom.md\/?page_id=4"},"modified":"2024-02-01T15:23:27","modified_gmt":"2024-02-01T13:23:27","slug":"%d0%ba%d0%be%d0%bd%d1%82%d0%b0%d0%ba%d1%82%d1%8b","status":"publish","type":"page","link":"https:\/\/www.hidrocom.md\/ro\/%d0%ba%d0%be%d0%bd%d1%82%d0%b0%d0%ba%d1%82%d1%8b\/","title":{"rendered":"Contacte"},"content":{"rendered":"<p><iframe loading=\"lazy\" style=\"border: 0;\" src=\"https:\/\/www.google.com\/maps\/embed?pb=!1m18!1m12!1m3!1d2721.0473425150335!2d28.869936994227963!3d47.00004337297283!2m3!1f0!2f0!3f0!3m2!1i1024!2i768!4f13.1!3m3!1m2!1s0x0000000000000000%3A0xc1e1044e7fc6b60a!2sHIDROCOM-EXIM+SRL!5e0!3m2!1sru!2s!4v1455541892027\" width=\"600\" height=\"450\" frameborder=\"0\" allowfullscreen=\"allowfullscreen\"><\/iframe><\/p>\n<h3>HIDROCOM-EXIM SRL<\/h3>\n<p><strong>MD 2002, mun.Chisinau, sos.Muncesti, 170<\/strong><\/p>\n<p><strong>tel.: 022-522-794, fax: 022-554-375 mob. (+373) 69112581 mob. (+373) 69341764<\/strong><\/p>\n<p><strong><a href=\"mailto:office@hidrocom.md\">office@hidrocom.md<\/a><\/strong><\/p>\n<p><em><strong>Program de lucru:<\/strong><\/em><\/p>\n<ul>\n<li><strong>luni &#8211; vineri: 8.00 \u2013 18.00 (f\u0103r\u0103 pauz\u0103 de pr\u00e2nz)<\/strong><\/li>\n<li><strong>s\u00e2mb\u0103t\u0103: 8.00 \u2013 13.00\u00a0<\/strong><\/li>\n<\/ul>\n<hr \/>\n<p>Codul fiscal: 1005600054092, TVA 0605562<\/p>\n<p>Adresa juridica: mun.Chisinau, str.Aerodromului, 23\/3<\/p>\n<p>IBAN: MD31MO2224ASV62774647100<\/p>\n<p>OTP Bank S.A.<\/p>\n<p>c\/b MOBBMD22<\/p>\n<p>web: www.hidrocom.md<\/p>\n<p>Director Lavrentiev Serghei<br \/>\nmob. (+373) 69112581<\/p>\n<p>Manager Ro\u015fca Vitalie<br \/>\nmob. (+373) 69341764<\/p>\n","protected":false},"excerpt":{"rendered":"<p>HIDROCOM-EXIM SRL MD 2002, mun.Chisinau, sos.Muncesti, 170 tel.: 022-522-794, fax: 022-554-375 mob. (+373) 69112581 mob. (+373) 69341764 office@hidrocom.md Program de lucru: luni &#8211; vineri: 8.00 \u2013 18.00 (f\u0103r\u0103 pauz\u0103 de pr\u00e2nz) s\u00e2mb\u0103t\u0103: 8.00 \u2013 13.00\u00a0 Codul fiscal: 1005600054092, TVA 0605562 Adresa juridica: mun.Chisinau, str.Aerodromului, 23\/3 IBAN: MD31MO2224ASV62774647100 OTP Bank S.A. [&hellip;]<\/p>\n","protected":false},"author":1,"featured_media":0,"parent":0,"menu_order":0,"comment_status":"closed","ping_status":"closed","template":"","meta":[],"_links":{"self":[{"href":"https:\/\/www.hidrocom.md\/ro\/wp-json\/wp\/v2\/pages\/4"}],"collection":[{"href":"https:\/\/www.hidrocom.md\/ro\/wp-json\/wp\/v2\/pages"}],"about":[{"href":"https:\/\/www.hidrocom.md\/ro\/wp-json\/wp\/v2\/types\/page"}],"author":[{"embeddable":true,"href":"https:\/\/www.hidrocom.md\/ro\/wp-json\/wp\/v2\/users\/1"}],"replies":[{"embeddable":true,"href":"https:\/\/www.hidrocom.md\/ro\/wp-json\/wp\/v2\/comments?post=4"}],"version-history":[{"count":29,"href":"https:\/\/www.hidrocom.md\/ro\/wp-json\/wp\/v2\/pages\/4\/revisions"}],"predecessor-version":[{"id":2640,"href":"https:\/\/www.hidrocom.md\/ro\/wp-json\/wp\/v2\/pages\/4\/revisions\/2640"}],"wp:attachment":[{"href":"https:\/\/www.hidrocom.md\/ro\/wp-json\/wp\/v2\/media?parent=4"}],"curies":[{"name":"wp","href":"https:\/\/api.w.org\/{rel}","templated":true}]}}