{"id":449,"date":"2016-02-17T17:26:22","date_gmt":"2016-02-17T14:26:22","guid":{"rendered":"http:\/\/www.hidrocom.md\/?page_id=449"},"modified":"2023-04-25T12:04:17","modified_gmt":"2023-04-25T10:04:17","slug":"specificatii_izolex_vikar","status":"publish","type":"page","link":"https:\/\/www.hidrocom.md\/ro\/specificatii_izolex_vikar\/","title":{"rendered":"Recomand\u0103ri de utilizare a sigilan\u0163ilor"},"content":{"rendered":"<p>&nbsp;<\/p>\n<h3><strong>Utilizarea etan\u015fan\u0163ilor CTK:<\/strong><\/h3>\n<p><a href=\"https:\/\/www.hidrocom.md\/ro\/acoperis_metal\/\">Acoperi\u015furi dure.<\/a><\/p>\n<p><a href=\"http:\/\/www.hidrocom.md\/ro\/ventilare\/\">Izolarea fonic\u0103, termic\u0103 \u015fi impermeabilizarea sistemelor de ventilare.<\/a><\/p>\n<p><a href=\"http:\/\/www.hidrocom.md\/ro\/sandwich\/\">Hidroizolarea panourilor sandwich pentru acoperi\u015f \u015fi pere\u0163i.<\/a><\/p>\n<p><a href=\"http:\/\/www.hidrocom.md\/ro\/vitralii\/\">Hidroizola\u0163ia construc\u0163iilor din sticl\u0103.<\/a><\/p>\n<p><a href=\"http:\/\/www.hidrocom.md\/ro\/membrane\/\">Montarea peliculelor impermeabile la vapori \u015fi ap\u0103.<\/a><\/p>\n<p><a href=\"http:\/\/www.hidrocom.md\/ro\/shnur\/\">Utilizarea \u015fnururilor de etan\u015fare CTK.<\/a><\/p>\n<p>&nbsp;<\/p>\n<h3><strong>Utilizarea sigilan\u0163ilor pentru ferestre CTK:<\/strong><\/h3>\n<p><a href=\"http:\/\/www.hidrocom.md\/ro\/avantaje_benzi_geam\/\">Avantajele utiliz\u0103rii sigilan\u0163ilor CTK la montarea ferestrelor.<\/a><\/p>\n<p>&nbsp;<\/p>\n","protected":false},"excerpt":{"rendered":"<p>&nbsp; Utilizarea etan\u015fan\u0163ilor CTK: Acoperi\u015furi dure. Izolarea fonic\u0103, termic\u0103 \u015fi impermeabilizarea sistemelor de ventilare. Hidroizolarea panourilor sandwich pentru acoperi\u015f \u015fi pere\u0163i. Hidroizola\u0163ia construc\u0163iilor din sticl\u0103. Montarea peliculelor impermeabile la vapori \u015fi ap\u0103. Utilizarea \u015fnururilor de etan\u015fare CTK. &nbsp; Utilizarea sigilan\u0163ilor pentru ferestre CTK: Avantajele utiliz\u0103rii sigilan\u0163ilor CTK la montarea ferestrelor. [&hellip;]<\/p>\n","protected":false},"author":1,"featured_media":0,"parent":0,"menu_order":0,"comment_status":"closed","ping_status":"closed","template":"","meta":[],"_links":{"self":[{"href":"https:\/\/www.hidrocom.md\/ro\/wp-json\/wp\/v2\/pages\/449"}],"collection":[{"href":"https:\/\/www.hidrocom.md\/ro\/wp-json\/wp\/v2\/pages"}],"about":[{"href":"https:\/\/www.hidrocom.md\/ro\/wp-json\/wp\/v2\/types\/page"}],"author":[{"embeddable":true,"href":"https:\/\/www.hidrocom.md\/ro\/wp-json\/wp\/v2\/users\/1"}],"replies":[{"embeddable":true,"href":"https:\/\/www.hidrocom.md\/ro\/wp-json\/wp\/v2\/comments?post=449"}],"version-history":[{"count":24,"href":"https:\/\/www.hidrocom.md\/ro\/wp-json\/wp\/v2\/pages\/449\/revisions"}],"predecessor-version":[{"id":2485,"href":"https:\/\/www.hidrocom.md\/ro\/wp-json\/wp\/v2\/pages\/449\/revisions\/2485"}],"wp:attachment":[{"href":"https:\/\/www.hidrocom.md\/ro\/wp-json\/wp\/v2\/media?parent=449"}],"curies":[{"name":"wp","href":"https:\/\/api.w.org\/{rel}","templated":true}]}}