{"id":451,"date":"2016-02-17T17:28:31","date_gmt":"2016-02-17T14:28:31","guid":{"rendered":"http:\/\/www.hidrocom.md\/?page_id=451"},"modified":"2020-03-12T11:13:27","modified_gmt":"2020-03-12T09:13:27","slug":"specificatii_auto","status":"publish","type":"page","link":"https:\/\/www.hidrocom.md\/ro\/specificatii_auto\/","title":{"rendered":"Tehnologia de insonorizare a automobilului"},"content":{"rendered":"<p>&nbsp;<\/p>\n<p><strong><a href=\"http:\/\/www.hidrocom.md\/ro\/izolatie_fonica_2\/\">Termoizolare, izolarea \u00eempotriva vibra\u0163iilor \u015fi zgomotelor a automobilelor <\/a>.<\/strong><\/p>\n<p>&nbsp;<\/p>\n<p><strong><a href=\"http:\/\/www.hidrocom.md\/ro\/izolatie_fonica_foto\/\">Insonorizarea automobilului de sine st\u0103t\u0103tor<\/a>.<\/strong><\/p>\n<p><iframe loading=\"lazy\" title=\"\u0428\u0443\u043c\u043e\u0438\u0437\u043e\u043b\u044f\u0446\u0438\u044f \u0430\u0432\u0442\u043e\u043c\u043e\u0431\u0438\u043b\u044f \u043c\u0430\u0442\u0435\u0440\u0438\u0430\u043b\u0430\u043c\u0438 CTK ACOUSTICS\" width=\"1200\" height=\"675\" src=\"https:\/\/www.youtube.com\/embed\/GcpLVu7F1JI?feature=oembed\" frameborder=\"0\" allow=\"accelerometer; autoplay; encrypted-media; gyroscope; picture-in-picture\" allowfullscreen><\/iframe><\/p>\n<p>&nbsp;<\/p>\n<p>&nbsp;<\/p>\n","protected":false},"excerpt":{"rendered":"<p>&nbsp; Termoizolare, izolarea \u00eempotriva vibra\u0163iilor \u015fi zgomotelor a automobilelor . &nbsp; Insonorizarea automobilului de sine st\u0103t\u0103tor. &nbsp; &nbsp;<\/p>\n","protected":false},"author":1,"featured_media":0,"parent":0,"menu_order":0,"comment_status":"closed","ping_status":"closed","template":"","meta":[],"_links":{"self":[{"href":"https:\/\/www.hidrocom.md\/ro\/wp-json\/wp\/v2\/pages\/451"}],"collection":[{"href":"https:\/\/www.hidrocom.md\/ro\/wp-json\/wp\/v2\/pages"}],"about":[{"href":"https:\/\/www.hidrocom.md\/ro\/wp-json\/wp\/v2\/types\/page"}],"author":[{"embeddable":true,"href":"https:\/\/www.hidrocom.md\/ro\/wp-json\/wp\/v2\/users\/1"}],"replies":[{"embeddable":true,"href":"https:\/\/www.hidrocom.md\/ro\/wp-json\/wp\/v2\/comments?post=451"}],"version-history":[{"count":7,"href":"https:\/\/www.hidrocom.md\/ro\/wp-json\/wp\/v2\/pages\/451\/revisions"}],"predecessor-version":[{"id":1630,"href":"https:\/\/www.hidrocom.md\/ro\/wp-json\/wp\/v2\/pages\/451\/revisions\/1630"}],"wp:attachment":[{"href":"https:\/\/www.hidrocom.md\/ro\/wp-json\/wp\/v2\/media?parent=451"}],"curies":[{"name":"wp","href":"https:\/\/api.w.org\/{rel}","templated":true}]}}