{"id":9,"date":"2016-01-28T17:43:33","date_gmt":"2016-01-28T14:43:33","guid":{"rendered":"http:\/\/www.hidrocom.md\/?page_id=9"},"modified":"2025-12-18T16:10:58","modified_gmt":"2025-12-18T14:10:58","slug":"penetron-system","status":"publish","type":"page","link":"https:\/\/www.hidrocom.md\/ro\/materiale\/penetron-system\/","title":{"rendered":"Hidroizolare betonului PENETRON"},"content":{"rendered":"<p>&nbsp;<\/p>\n<p><img decoding=\"async\" loading=\"lazy\" class=\"alignnone size-full wp-image-445\" src=\"http:\/\/www.hidrocom.md\/wp-content\/uploads\/2016\/01\/schema_penetron.jpg\" alt=\"schema_penetron\" width=\"800\" height=\"701\" srcset=\"https:\/\/www.hidrocom.md\/wp-content\/uploads\/2016\/01\/schema_penetron.jpg 800w, https:\/\/www.hidrocom.md\/wp-content\/uploads\/2016\/01\/schema_penetron-300x263.jpg 300w, https:\/\/www.hidrocom.md\/wp-content\/uploads\/2016\/01\/schema_penetron-768x673.jpg 768w\" sizes=\"(max-width: 800px) 100vw, 800px\" \/><\/p>\n<div class=\"pt-cv-wrapper\"><div class=\"pt-cv-view pt-cv-grid pt-cv-colsys\" id=\"pt-cv-view-d7f4680a46\"><div data-id=\"pt-cv-page-1\" class=\"pt-cv-page\" data-cvc=\"2\"><div class=\"col-md-6 col-sm-6 col-xs-12 pt-cv-content-item pt-cv-1-col\" ><div class='pt-cv-ifield'><a href=\"https:\/\/www.hidrocom.md\/ro\/penetron-4\/\" class=\"_self pt-cv-href-thumbnail pt-cv-thumb-default\" target=\"_self\"><img width=\"300\" height=\"261\" src=\"https:\/\/www.hidrocom.md\/wp-content\/uploads\/2016\/01\/penetronsite-e1731060322757-300x261.png\" class=\"pt-cv-thumbnail\" alt=\"\" decoding=\"async\" loading=\"lazy\" srcset=\"https:\/\/www.hidrocom.md\/wp-content\/uploads\/2016\/01\/penetronsite-e1731060322757-300x261.png 300w, https:\/\/www.hidrocom.md\/wp-content\/uploads\/2016\/01\/penetronsite-e1731060322757.png 517w\" sizes=\"(max-width: 300px) 100vw, 300px\" \/><\/a>\n<h4 class=\"pt-cv-title\"><a href=\"https:\/\/www.hidrocom.md\/ro\/penetron-4\/\" class=\"_self\" target=\"_self\">Penetron<\/a><\/h4>\n<div class=\"pt-cv-content\">Material cu efect\u00a0 de penetrare pentru hidroizolarea construc\u0163iilor din beton. \u00cenl\u0103turarea infiltr\u0103rii apei \u00een elementele din beton prefabricat \u015fi suprafe\u0163ele ...<br \/><a href=\"https:\/\/www.hidrocom.md\/ro\/penetron-4\/\" class=\"_self pt-cv-readmore btn btn-success\" target=\"_self\">Mai mult ><\/a><\/div><\/div><\/div>\n<div class=\"col-md-6 col-sm-6 col-xs-12 pt-cv-content-item pt-cv-1-col\" ><div class='pt-cv-ifield'><a href=\"https:\/\/www.hidrocom.md\/ro\/penetron-admix-3\/\" class=\"_self pt-cv-href-thumbnail pt-cv-thumb-default\" target=\"_self\"><img width=\"300\" height=\"243\" src=\"https:\/\/www.hidrocom.md\/wp-content\/uploads\/2016\/01\/penetronadmixsite-300x243.png\" class=\"pt-cv-thumbnail\" alt=\"\" decoding=\"async\" loading=\"lazy\" srcset=\"https:\/\/www.hidrocom.md\/wp-content\/uploads\/2016\/01\/penetronadmixsite-300x243.png 300w, https:\/\/www.hidrocom.md\/wp-content\/uploads\/2016\/01\/penetronadmixsite.png 525w\" sizes=\"(max-width: 300px) 100vw, 300px\" \/><\/a>\n<h4 class=\"pt-cv-title\"><a href=\"https:\/\/www.hidrocom.md\/ro\/penetron-admix-3\/\" class=\"_self\" target=\"_self\">Penetron Admix<\/a><\/h4>\n<div class=\"pt-cv-content\">Aditiv \u00een beton sau mortar de ciment \u0219i nisip pentru asigurarea impermeabilit\u0103\u021bii, protec\u021biei \u0219i perfec\u021bion\u0103rii propriet\u0103\u021bilor betonului. Descriere Amestec uscat ...<br \/><a href=\"https:\/\/www.hidrocom.md\/ro\/penetron-admix-3\/\" class=\"_self pt-cv-readmore btn btn-success\" target=\"_self\">Mai mult ><\/a><\/div><\/div><\/div>\n<div class=\"col-md-6 col-sm-6 col-xs-12 pt-cv-content-item pt-cv-1-col\" ><div class='pt-cv-ifield'><a href=\"https:\/\/www.hidrocom.md\/ro\/penecrete\/\" class=\"_self pt-cv-href-thumbnail pt-cv-thumb-default\" target=\"_self\"><img width=\"300\" height=\"258\" src=\"https:\/\/www.hidrocom.md\/wp-content\/uploads\/2016\/01\/penecrete-e1730184248380-300x258.png\" class=\"pt-cv-thumbnail\" alt=\"\" decoding=\"async\" loading=\"lazy\" srcset=\"https:\/\/www.hidrocom.md\/wp-content\/uploads\/2016\/01\/penecrete-e1730184248380-300x258.png 300w, https:\/\/www.hidrocom.md\/wp-content\/uploads\/2016\/01\/penecrete-e1730184248380.png 517w\" sizes=\"(max-width: 300px) 100vw, 300px\" \/><\/a>\n<h4 class=\"pt-cv-title\"><a href=\"https:\/\/www.hidrocom.md\/ro\/penecrete\/\" class=\"_self\" target=\"_self\">Penecrete<\/a><\/h4>\n<div class=\"pt-cv-content\">Mortar de etan\u015fare, hidroizolare \u015fi reparare a fisurilor, rosturilor \u015fi a \u00eembin\u0103rilor. Descriere Amestec uscat pe baz\u0103 de cimenturi speciale, ...<br \/><a href=\"https:\/\/www.hidrocom.md\/ro\/penecrete\/\" class=\"_self pt-cv-readmore btn btn-success\" target=\"_self\">Mai mult ><\/a><\/div><\/div><\/div>\n<div class=\"col-md-6 col-sm-6 col-xs-12 pt-cv-content-item pt-cv-1-col\" ><div class='pt-cv-ifield'><a href=\"https:\/\/www.hidrocom.md\/ro\/peneplug-2\/\" class=\"_self pt-cv-href-thumbnail pt-cv-thumb-default\" target=\"_self\"><img width=\"300\" height=\"261\" src=\"https:\/\/www.hidrocom.md\/wp-content\/uploads\/2022\/03\/\u041d\u043e\u0432\u044b\u0439-\u043f\u0440\u043e\u0435\u043a\u0442-300x261.png\" class=\"pt-cv-thumbnail\" alt=\"\" decoding=\"async\" loading=\"lazy\" srcset=\"https:\/\/www.hidrocom.md\/wp-content\/uploads\/2022\/03\/\u041d\u043e\u0432\u044b\u0439-\u043f\u0440\u043e\u0435\u043a\u0442-300x261.png 300w, https:\/\/www.hidrocom.md\/wp-content\/uploads\/2022\/03\/\u041d\u043e\u0432\u044b\u0439-\u043f\u0440\u043e\u0435\u043a\u0442.png 517w\" sizes=\"(max-width: 300px) 100vw, 300px\" \/><\/a>\n<h4 class=\"pt-cv-title\"><a href=\"https:\/\/www.hidrocom.md\/ro\/peneplug-2\/\" class=\"_self\" target=\"_self\">PENEPLUG<\/a><\/h4>\n<div class=\"pt-cv-content\">Material expandabil, impermeabil, cu \u00eent\u0103rire rapid\u0103, destinat pentru oprirea scurgerilor active. Descriere Amestec uscat pe baz\u0103 de cimenturi speciale, nisip ...<br \/><a href=\"https:\/\/www.hidrocom.md\/ro\/peneplug-2\/\" class=\"_self pt-cv-readmore btn btn-success\" target=\"_self\">Mai mult ><\/a><\/div><\/div><\/div>\n<div class=\"col-md-6 col-sm-6 col-xs-12 pt-cv-content-item pt-cv-1-col\" ><div class='pt-cv-ifield'><a href=\"https:\/\/www.hidrocom.md\/ro\/waterplug\/\" class=\"_self pt-cv-href-thumbnail pt-cv-thumb-default\" target=\"_self\"><img width=\"300\" height=\"300\" src=\"https:\/\/www.hidrocom.md\/wp-content\/uploads\/2016\/01\/produtto-water-plug-loja-e1730985007593-300x300.png\" class=\"pt-cv-thumbnail\" alt=\"\" decoding=\"async\" loading=\"lazy\" srcset=\"https:\/\/www.hidrocom.md\/wp-content\/uploads\/2016\/01\/produtto-water-plug-loja-e1730985007593-300x300.png 300w, https:\/\/www.hidrocom.md\/wp-content\/uploads\/2016\/01\/produtto-water-plug-loja-e1730985007593-150x150.png 150w, https:\/\/www.hidrocom.md\/wp-content\/uploads\/2016\/01\/produtto-water-plug-loja-e1730985007593.png 517w\" sizes=\"(max-width: 300px) 100vw, 300px\" \/><\/a>\n<h4 class=\"pt-cv-title\"><a href=\"https:\/\/www.hidrocom.md\/ro\/waterplug\/\" class=\"_self\" target=\"_self\">Waterplug<\/a><\/h4>\n<div class=\"pt-cv-content\">Material expandabil, impermeabil, cu \u00eent\u0103rire rapid\u0103, destinat pentru oprirea scurgerilor active. Descriere Amestec uscat pe baz\u0103 de cimenturi speciale, nisip ...<br \/><a href=\"https:\/\/www.hidrocom.md\/ro\/waterplug\/\" class=\"_self pt-cv-readmore btn btn-success\" target=\"_self\">Mai mult ><\/a><\/div><\/div><\/div>\n<div class=\"col-md-6 col-sm-6 col-xs-12 pt-cv-content-item pt-cv-1-col\" ><div class='pt-cv-ifield'><a href=\"https:\/\/www.hidrocom.md\/ro\/penebar\/\" class=\"_self pt-cv-href-thumbnail pt-cv-thumb-default\" target=\"_self\"><img width=\"300\" height=\"240\" src=\"https:\/\/www.hidrocom.md\/wp-content\/uploads\/2016\/01\/penetron-internet-145-2tqhpk0k18-e1730983297662-300x240.jpg\" class=\"pt-cv-thumbnail\" alt=\"\" decoding=\"async\" loading=\"lazy\" srcset=\"https:\/\/www.hidrocom.md\/wp-content\/uploads\/2016\/01\/penetron-internet-145-2tqhpk0k18-e1730983297662-300x240.jpg 300w, https:\/\/www.hidrocom.md\/wp-content\/uploads\/2016\/01\/penetron-internet-145-2tqhpk0k18-e1730983297662.jpg 517w\" sizes=\"(max-width: 300px) 100vw, 300px\" \/><\/a>\n<h4 class=\"pt-cv-title\"><a href=\"https:\/\/www.hidrocom.md\/ro\/penebar\/\" class=\"_self\" target=\"_self\">Penebar<\/a><\/h4>\n<div class=\"pt-cv-content\">\u0218nur de etan\u015fare, expandabil pentru hidroizolarea rosturilor la etapa beton\u0103rii. Descriere \u0218nur flexibil \u00een form\u0103 dreptunghiular\u0103, destinat pentru hidroizolare rosturilor ...<br \/><a href=\"https:\/\/www.hidrocom.md\/ro\/penebar\/\" class=\"_self pt-cv-readmore btn btn-success\" target=\"_self\">Mai mult ><\/a><\/div><\/div><\/div>\n<div class=\"col-md-6 col-sm-6 col-xs-12 pt-cv-content-item pt-cv-1-col\" ><div class='pt-cv-ifield'><a href=\"https:\/\/www.hidrocom.md\/ro\/screpa-m500\/\" class=\"_self pt-cv-href-thumbnail pt-cv-thumb-default\" target=\"_self\"><img width=\"266\" height=\"300\" src=\"https:\/\/www.hidrocom.md\/wp-content\/uploads\/2016\/01\/screpa_m500mic-266x300.jpg\" class=\"pt-cv-thumbnail\" alt=\"\" decoding=\"async\" loading=\"lazy\" srcset=\"https:\/\/www.hidrocom.md\/wp-content\/uploads\/2016\/01\/screpa_m500mic-266x300.jpg 266w, https:\/\/www.hidrocom.md\/wp-content\/uploads\/2016\/01\/screpa_m500mic.jpg 450w\" sizes=\"(max-width: 266px) 100vw, 266px\" \/><\/a>\n<h4 class=\"pt-cv-title\"><a href=\"https:\/\/www.hidrocom.md\/ro\/screpa-m500\/\" class=\"_self\" target=\"_self\">Screpa \u041c500<\/a><\/h4>\n<div class=\"pt-cv-content\">Material pentru hidroizolare \u015fi repararea betonului. Descriere Material pentru impermeabilizarea, restaurarea \u0219i repararea suprafe\u021belor orizontale, verticale \u0219i de tavan din ...<br \/><a href=\"https:\/\/www.hidrocom.md\/ro\/screpa-m500\/\" class=\"_self pt-cv-readmore btn btn-success\" target=\"_self\">Mai mult ><\/a><\/div><\/div><\/div>\n<div class=\"col-md-6 col-sm-6 col-xs-12 pt-cv-content-item pt-cv-1-col\" ><div class='pt-cv-ifield'><a href=\"https:\/\/www.hidrocom.md\/ro\/screpa-m600\/\" class=\"_self pt-cv-href-thumbnail pt-cv-thumb-default\" target=\"_self\"><img width=\"239\" height=\"300\" src=\"https:\/\/www.hidrocom.md\/wp-content\/uploads\/2016\/01\/screpa-m600mic-239x300.jpg\" class=\"pt-cv-thumbnail\" alt=\"\" decoding=\"async\" loading=\"lazy\" srcset=\"https:\/\/www.hidrocom.md\/wp-content\/uploads\/2016\/01\/screpa-m600mic-239x300.jpg 239w, https:\/\/www.hidrocom.md\/wp-content\/uploads\/2016\/01\/screpa-m600mic.jpg 450w\" sizes=\"(max-width: 239px) 100vw, 239px\" \/><\/a>\n<h4 class=\"pt-cv-title\"><a href=\"https:\/\/www.hidrocom.md\/ro\/screpa-m600\/\" class=\"_self\" target=\"_self\">Screpa \u041c600<\/a><\/h4>\n<div class=\"pt-cv-content\">Material hidroizolant pentru umplerea golurilor din beton. \u00a0Screpa M600 injectabil\u0103 este un amestec uscat compus din ciment portland fin dispersat ...<br \/><a href=\"https:\/\/www.hidrocom.md\/ro\/screpa-m600\/\" class=\"_self pt-cv-readmore btn btn-success\" target=\"_self\">Mai mult ><\/a><\/div><\/div><\/div><\/div><\/div><\/div>\n<p><iframe loading=\"lazy\" src=\"https:\/\/www.youtube.com\/embed\/Mv-aorX4Qvw?si=QHd1zhd3D5VQY9pC\" width=\"560\" height=\"315\" frameborder=\"0\" allowfullscreen=\"allowfullscreen\"><\/iframe><\/p>\n","protected":false},"excerpt":{"rendered":"<p>&nbsp;<\/p>\n","protected":false},"author":1,"featured_media":0,"parent":6,"menu_order":0,"comment_status":"closed","ping_status":"closed","template":"","meta":[],"_links":{"self":[{"href":"https:\/\/www.hidrocom.md\/ro\/wp-json\/wp\/v2\/pages\/9"}],"collection":[{"href":"https:\/\/www.hidrocom.md\/ro\/wp-json\/wp\/v2\/pages"}],"about":[{"href":"https:\/\/www.hidrocom.md\/ro\/wp-json\/wp\/v2\/types\/page"}],"author":[{"embeddable":true,"href":"https:\/\/www.hidrocom.md\/ro\/wp-json\/wp\/v2\/users\/1"}],"replies":[{"embeddable":true,"href":"https:\/\/www.hidrocom.md\/ro\/wp-json\/wp\/v2\/comments?post=9"}],"version-history":[{"count":22,"href":"https:\/\/www.hidrocom.md\/ro\/wp-json\/wp\/v2\/pages\/9\/revisions"}],"predecessor-version":[{"id":3134,"href":"https:\/\/www.hidrocom.md\/ro\/wp-json\/wp\/v2\/pages\/9\/revisions\/3134"}],"up":[{"embeddable":true,"href":"https:\/\/www.hidrocom.md\/ro\/wp-json\/wp\/v2\/pages\/6"}],"wp:attachment":[{"href":"https:\/\/www.hidrocom.md\/ro\/wp-json\/wp\/v2\/media?parent=9"}],"curies":[{"name":"wp","href":"https:\/\/api.w.org\/{rel}","templated":true}]}}